{"id":578,"date":"2019-03-03T16:36:53","date_gmt":"2019-03-03T15:36:53","guid":{"rendered":"http:\/\/www.jagdreisen-fabrig.de\/jagdblog\/?page_id=578"},"modified":"2021-09-04T16:44:22","modified_gmt":"2021-09-04T14:44:22","slug":"ueber-mich","status":"publish","type":"page","link":"https:\/\/www.jagdreisen-fabrig.de\/jagdblog\/ueber-mich\/","title":{"rendered":"\u00dcber mich"},"content":{"rendered":"<div class=\"entry-content clearfix\">\n<p><img loading=\"lazy\" class=\"wp-image-627 size-medium alignright\" src=\"http:\/\/www.jagdreisen-fabrig.de\/jagdblog\/wp-content\/uploads\/2021\/09\/DSCF1066-1-300x225.jpg\" alt=\"\" width=\"300\" height=\"225\" srcset=\"https:\/\/www.jagdreisen-fabrig.de\/jagdblog\/wp-content\/uploads\/2021\/09\/DSCF1066-1-300x225.jpg 300w, https:\/\/www.jagdreisen-fabrig.de\/jagdblog\/wp-content\/uploads\/2021\/09\/DSCF1066-1-1030x773.jpg 1030w, https:\/\/www.jagdreisen-fabrig.de\/jagdblog\/wp-content\/uploads\/2021\/09\/DSCF1066-1-768x576.jpg 768w, https:\/\/www.jagdreisen-fabrig.de\/jagdblog\/wp-content\/uploads\/2021\/09\/DSCF1066-1-1536x1152.jpg 1536w, https:\/\/www.jagdreisen-fabrig.de\/jagdblog\/wp-content\/uploads\/2021\/09\/DSCF1066-1-2048x1536.jpg 2048w\" sizes=\"(max-width: 300px) 100vw, 300px\" \/>Schon von Kindesbeinen an war ich fest mit der Jagd verbunden, da bereits mein Opa und\u00a0Onkel zur Jagd gingen, so dass ich quasi bis zum Tod meines Opas mit der Jagd aufgewachsen bin.\u00a0 Nach einer kurzen Unterbrechung, bis ich meinen eigenen Jagdschein ablegen durfte, hatte mich die Passion wieder voll erwischt und ich bin bis heute noch so oft es geht im Revier und der Natur unterwegs, sei es zum Kirren, Wild\u00e4cker oder Hochsitze bauen oder nat\u00fcrlich zum Jagen.<\/p>\n<p>Neben der Jagd in heimischen Revieren mit Freunden hat sich bei mir auch die Auslandsjagd als fester Bestandteil meiner Passion etabliert. In den letzten Jahren habe ich alle bejagbaren Kontinente bereist und viele Abenteuer und Erfahrungen mit nach Hause gebracht. Bei meinen Reisen steht neben der Jadg und dem Erlegen des Wildes vorallem auch das Erlebnis und das Kennenlernen neuer Gebiete und das Aufbauen von Partnerschaften im Vordergrund. Durch die vielen Reisen habe ich mittlerweile in den meisten L\u00e4ndern viele Freunde und Partner gefunden die meine Passionen teilen. Diese Erfahrungen m\u00f6chte ich in meinen Artikeln in Magazinen, den diversen Webseiten und Messevortr\u00e4gen sowie hier im Blog mit allen teilen und jeden an den Erlebnissen im In und Ausland teilhaben lassen.<\/p>\n<p>Bei Fragen zu den ein oder anderen Themen stehe ich auch gerne f\u00fcr n\u00e4here Infos zur Verf\u00fcgung.<\/p>\n<\/div>\n<div class=\"entry-content clearfix\">\n<p>Waidmannsheil<\/p>\n<p>Dirk Fabrig<\/p>\n<\/div>\n","protected":false},"excerpt":{"rendered":"<p>Schon von Kindesbeinen an war ich fest mit der Jagd verbunden, da bereits mein Opa und\u00a0Onkel zur Jagd gingen, so[&#8230;]<\/p>\n","protected":false},"author":1,"featured_media":0,"parent":0,"menu_order":0,"comment_status":"closed","ping_status":"closed","template":"","meta":[],"_links":{"self":[{"href":"https:\/\/www.jagdreisen-fabrig.de\/jagdblog\/wp-json\/wp\/v2\/pages\/578"}],"collection":[{"href":"https:\/\/www.jagdreisen-fabrig.de\/jagdblog\/wp-json\/wp\/v2\/pages"}],"about":[{"href":"https:\/\/www.jagdreisen-fabrig.de\/jagdblog\/wp-json\/wp\/v2\/types\/page"}],"author":[{"embeddable":true,"href":"https:\/\/www.jagdreisen-fabrig.de\/jagdblog\/wp-json\/wp\/v2\/users\/1"}],"replies":[{"embeddable":true,"href":"https:\/\/www.jagdreisen-fabrig.de\/jagdblog\/wp-json\/wp\/v2\/comments?post=578"}],"version-history":[{"count":4,"href":"https:\/\/www.jagdreisen-fabrig.de\/jagdblog\/wp-json\/wp\/v2\/pages\/578\/revisions"}],"predecessor-version":[{"id":628,"href":"https:\/\/www.jagdreisen-fabrig.de\/jagdblog\/wp-json\/wp\/v2\/pages\/578\/revisions\/628"}],"wp:attachment":[{"href":"https:\/\/www.jagdreisen-fabrig.de\/jagdblog\/wp-json\/wp\/v2\/media?parent=578"}],"curies":[{"name":"wp","href":"https:\/\/api.w.org\/{rel}","templated":true}]}}