{"id":553,"date":"2019-03-03T15:33:19","date_gmt":"2019-03-03T14:33:19","guid":{"rendered":"http:\/\/www.jagdreisen-fabrig.de\/jagdblog\/?page_id=553"},"modified":"2019-03-03T15:33:19","modified_gmt":"2019-03-03T14:33:19","slug":"jagdblog-auslandsjagd","status":"publish","type":"page","link":"https:\/\/www.jagdreisen-fabrig.de\/jagdblog\/","title":{"rendered":"Jagdblog Auslandsjagd"},"content":{"rendered":"<header class=\"entry-header\">\n<h1 class=\"entry-title\">Willkommen in meinem Jagdblog<\/h1>\n<\/header>\n<div class=\"entry-content clearfix\">\n<p><img loading=\"lazy\" class=\"size-medium wp-image-68 alignright\" src=\"http:\/\/www.jagdreisen-fabrig.de\/jagdblog\/wp-content\/uploads\/2016\/08\/DSCF1066-300x225.jpg\" sizes=\"(max-width: 300px) 100vw, 300px\" srcset=\"http:\/\/www.jagdreisen-fabrig.de\/jagdblog\/wp-content\/uploads\/2016\/08\/DSCF1066-300x225.jpg 300w, http:\/\/www.jagdreisen-fabrig.de\/jagdblog\/wp-content\/uploads\/2016\/08\/DSCF1066-768x576.jpg 768w, http:\/\/www.jagdreisen-fabrig.de\/jagdblog\/wp-content\/uploads\/2016\/08\/DSCF1066-1024x768.jpg 1024w, http:\/\/www.jagdreisen-fabrig.de\/jagdblog\/wp-content\/uploads\/2016\/08\/DSCF1066-1200x900.jpg 1200w\" alt=\"DSCF1066\" width=\"300\" height=\"225\" \/>Willkommen an alle J\u00e4ger, J\u00e4gerinnen und Freunde der In- und\u00a0Auslandsjagd<\/p>\n<p>Mit diesem Blog m\u00f6chte ich ein Forum bieten f\u00fcr den Austausch zwischen uns J\u00e4gern im In- und Ausland und gleichzeitig versuchen aktuelle Entwicklungen und Ergebnisse der Jagden zu teilen. Seit vielen Jahren Jagd ich im In und Ausland und werde hier im Blog \u00fcber meine Erfahrungen und Erlebnissen berichten. Von der Jagd in Deutschland auf den roten Bock, die Hirschjagd, Ansitz auf Sauen \u00fcber die Jagd im europ\u00e4ischen Ausland bis zu fernen L\u00e4ndern wie Kanada, Australien oder Afrika.<\/p>\n<p>F\u00fcr Feedback zu Themen, welche ich hier mit aufnehmen soll bin ich jederzeit offen.<\/p>\n<p>Waidmannsheil<\/p>\n<p>Dirk Fabrig<\/p>\n<\/div>\n","protected":false},"excerpt":{"rendered":"<p>Willkommen in meinem Jagdblog Willkommen an alle J\u00e4ger, J\u00e4gerinnen und Freunde der In- und\u00a0Auslandsjagd Mit diesem Blog m\u00f6chte ich ein[&#8230;]<\/p>\n","protected":false},"author":1,"featured_media":0,"parent":0,"menu_order":0,"comment_status":"closed","ping_status":"closed","template":"template-magazine.php","meta":[],"_links":{"self":[{"href":"https:\/\/www.jagdreisen-fabrig.de\/jagdblog\/wp-json\/wp\/v2\/pages\/553"}],"collection":[{"href":"https:\/\/www.jagdreisen-fabrig.de\/jagdblog\/wp-json\/wp\/v2\/pages"}],"about":[{"href":"https:\/\/www.jagdreisen-fabrig.de\/jagdblog\/wp-json\/wp\/v2\/types\/page"}],"author":[{"embeddable":true,"href":"https:\/\/www.jagdreisen-fabrig.de\/jagdblog\/wp-json\/wp\/v2\/users\/1"}],"replies":[{"embeddable":true,"href":"https:\/\/www.jagdreisen-fabrig.de\/jagdblog\/wp-json\/wp\/v2\/comments?post=553"}],"version-history":[{"count":1,"href":"https:\/\/www.jagdreisen-fabrig.de\/jagdblog\/wp-json\/wp\/v2\/pages\/553\/revisions"}],"predecessor-version":[{"id":554,"href":"https:\/\/www.jagdreisen-fabrig.de\/jagdblog\/wp-json\/wp\/v2\/pages\/553\/revisions\/554"}],"wp:attachment":[{"href":"https:\/\/www.jagdreisen-fabrig.de\/jagdblog\/wp-json\/wp\/v2\/media?parent=553"}],"curies":[{"name":"wp","href":"https:\/\/api.w.org\/{rel}","templated":true}]}}